{"id":27,"date":"2016-03-01T15:15:09","date_gmt":"2016-03-01T14:15:09","guid":{"rendered":"http:\/\/arsandart.de\/cms\/?page_id=27"},"modified":"2022-02-25T19:10:00","modified_gmt":"2022-02-25T18:10:00","slug":"kontakt","status":"publish","type":"page","link":"https:\/\/arsandart.de\/cms\/kontakt\/","title":{"rendered":"Kontakt"},"content":{"rendered":"\n<h2 class=\"wp-block-heading\">Sebastian Arsand<\/h2>\n\n\n\n<p>Freischaffender Bildhauer, Maler, Graphiker, Musiker<\/p>\n\n\n\n<p>Lange Stra\u00dfe 12<br>03238 Finsterwalde<\/p>\n\n\n\n<p>Telefonnummer: 03531717864<br>E-Mail-Adresse: <a href=\"mailto:lyaeos@web.de\">lyaeos@web.de<\/a><\/p>\n\n\n\n<p><strong>Hinweis:<em> S\u00e4mtliche<\/em> Rechte an den Bildern, Fotos, Ideen, Hintergr\u00fcnden, Titeln und Techniken liegen bei Sebastian Arsand!<br><\/strong><\/p>\n\n\n\n<hr class=\"wp-block-separator\"\/>\n","protected":false},"excerpt":{"rendered":"<p>Sebastian Arsand Freischaffender Bildhauer, Maler, Graphiker, Musiker Lange Stra\u00dfe 1203238 Finsterwalde Telefonnummer: 03531717864E-Mail-Adresse: lyaeos@web.de Hinweis: S\u00e4mtliche Rechte an den Bildern, Fotos, Ideen, Hintergr\u00fcnden, Titeln und Techniken liegen bei Sebastian Arsand!<\/p>\n","protected":false},"author":3,"featured_media":0,"parent":0,"menu_order":0,"comment_status":"closed","ping_status":"closed","template":"page-templates\/full-width.php","meta":{"footnotes":""},"class_list":["post-27","page","type-page","status-publish","hentry"],"_links":{"self":[{"href":"https:\/\/arsandart.de\/cms\/wp-json\/wp\/v2\/pages\/27","targetHints":{"allow":["GET"]}}],"collection":[{"href":"https:\/\/arsandart.de\/cms\/wp-json\/wp\/v2\/pages"}],"about":[{"href":"https:\/\/arsandart.de\/cms\/wp-json\/wp\/v2\/types\/page"}],"author":[{"embeddable":true,"href":"https:\/\/arsandart.de\/cms\/wp-json\/wp\/v2\/users\/3"}],"replies":[{"embeddable":true,"href":"https:\/\/arsandart.de\/cms\/wp-json\/wp\/v2\/comments?post=27"}],"version-history":[{"count":10,"href":"https:\/\/arsandart.de\/cms\/wp-json\/wp\/v2\/pages\/27\/revisions"}],"predecessor-version":[{"id":1542,"href":"https:\/\/arsandart.de\/cms\/wp-json\/wp\/v2\/pages\/27\/revisions\/1542"}],"wp:attachment":[{"href":"https:\/\/arsandart.de\/cms\/wp-json\/wp\/v2\/media?parent=27"}],"curies":[{"name":"wp","href":"https:\/\/api.w.org\/{rel}","templated":true}]}}